
{"id":4101,"date":"2024-10-23T14:19:05","date_gmt":"2024-10-23T14:19:05","guid":{"rendered":"https:\/\/headspatammoctam.trueads.ai\/gioi-thieu\/"},"modified":"2025-09-19T02:45:52","modified_gmt":"2025-09-19T02:45:52","slug":"gioi-thieu","status":"publish","type":"page","link":"https:\/\/headspatammoctam.trueads.ai\/vi\/gioi-thieu\/","title":{"rendered":"Gi\u1edbi thi\u1ec7u"},"content":{"rendered":" \t<section class=\"section section_banner\" id=\"section_1353125728\">\n\t\t<div class=\"bg section-bg fill bg-fill  bg-loaded\" >\n\n\t\t\t\n\t\t\t\n\t\t\t\n\n\t\t<\/div>\n\n\t\t\n\n\t\t<div class=\"section-content relative\">\n\t\t\t\n\n\n  <div class=\"banner has-hover banner_ux\" id=\"banner-1393034813\">\n          <div class=\"banner-inner fill\">\n        <div class=\"banner-bg fill\" >\n            <div class=\"bg fill bg-fill \"><\/div>\n                                    \n                    <\/div>\n\t\t\n        <div class=\"banner-layers container\">\n            <div class=\"fill banner-link\"><\/div>            \n\n   <div id=\"text-box-1679778490\" class=\"text-box banner-layer x50 md-x50 lg-x50 y50 md-y50 lg-y50 res-text\">\n                                <div class=\"text-box-content text dark\">\n              \n              <div class=\"text-inner text-center\">\n                  \n\n\t\t<div class=\"banner_html\">\n\t\t\t\t\n\n<h1 class=\"current-page\">Trang ch\u1ee7<\/h1><div class=\"breadcrumb-full\"><div class=\"yoast-breadcrumbs\"><span><span><a href=\"https:\/\/headspatammoctam.com\/\">Trang ch\u1ee7<\/a><\/span><\/span><\/div><\/div>\n\t\t<\/div>\n\t\n\n              <\/div>\n           <\/div>\n                            \n<style>\n#text-box-1679778490 {\n  width: 60%;\n}\n#text-box-1679778490 .text-box-content {\n  font-size: 100%;\n}\n<\/style>\n    <\/div>\n \n\n        <\/div>\n      <\/div>\n\n            \n<style>\n#banner-1393034813 {\n  padding-top: 500px;\n}\n#banner-1393034813 .bg.bg-loaded {\n  background-image: url(https:\/\/headspatammoctam.trueads.ai\/wp-content\/uploads\/2024\/10\/breadcrumb.jpg);\n}\n<\/style>\n  <\/div>\n\n\n\n\t\t<\/div>\n\n\t\t\n<style>\n#section_1353125728 {\n  padding-top: 0px;\n  padding-bottom: 0px;\n}\n<\/style>\n\t<\/section>\n\t  \t<section class=\"section section_gioithieu\" id=\"section_1505170171\">\n\t\t<div class=\"bg section-bg fill bg-fill  bg-loaded\" >\n\n\t\t\t\n\t\t\t\n\t\t\t\n\n\t\t<\/div>\n\n\t\t\n\n\t\t<div class=\"section-content relative\">\n\t\t\t <div class=\"row row_gioithieu\"  id=\"row-613363414\"> \n\t<div id=\"col-1976694403\" class=\"col col_gioithieu small-12 large-12\"  >\n\t\t\t\t<div class=\"col-inner\"  >\n\t\t\t\n\t\t\t \t<div id=\"text-3588294600\" class=\"text gioithieu_col_text\">\n\t\t\n<h3><img decoding=\"async\" class=\"emoji\" role=\"img\" src=\"https:\/\/s.w.org\/images\/core\/emoji\/16.0.1\/svg\/2728.svg\" alt=\"\u2728\" \/>\u00a0Gi\u1edbi thi\u1ec7u v\u1ec1 Head Spa T\u00e2m M\u1ed9c T\u00e2m<\/h3>\n<p>Head Spa T\u00e2m M\u1ed9c T\u00e2m l\u00e0 kh\u00f4ng gian ch\u0103m s\u00f3c v\u00e0 ch\u1eefa l\u00e0nh, n\u01a1i b\u1ea1n t\u00ecm l\u1ea1i s\u1ef1 c\u00e2n b\u1eb1ng gi\u1eefa c\u01a1 th\u1ec3 \u2013 t\u00e2m tr\u00ed \u2013 v\u00e0 tinh th\u1ea7n. Ch\u00fang t\u00f4i mang \u0111\u1ebfn tr\u1ea3i nghi\u1ec7m th\u01b0 gi\u00e3n s\u00e2u, k\u1ebft h\u1ee3p h\u00e0i h\u00f2a gi\u1eefa li\u1ec7u ph\u00e1p g\u1ed9i d\u01b0\u1ee1ng sinh, massage v\u00e0 ch\u0103m s\u00f3c s\u1ee9c kh\u1ecfe b\u1eb1ng tinh d\u1ea7u thi\u00ean nhi\u00ean . \u0110\u00e2y kh\u00f4ng ch\u1ec9 l\u00e0 m\u1ed9t spa \u0111\u01a1n thu\u1ea7n, m\u00e0 c\u00f2n l\u00e0 \u0111i\u1ec3m h\u1eb9n cho nh\u1eefng ai mu\u1ed1n t\u00e1i t\u1ea1o n\u0103ng l\u01b0\u1ee3ng, c\u1ea3i thi\u1ec7n s\u1ee9c kh\u1ecfe v\u00e0 t\u00ecm th\u1ea5y s\u1ef1 an y\u00ean trong cu\u1ed9c s\u1ed1ng.<\/p>\n<p><img loading=\"lazy\" decoding=\"async\" class=\"size-full wp-image-4072 aligncenter\" src=\"https:\/\/pub-b2eddeeb92ae444d848d347a6b3a9fc5.r2.dev\/headspatammoctam\/file\/1758178710_68cbad96157ae.jpg\" alt=\"\" width=\"2599\" height=\"2234\" \/><\/p>\n<h3><img decoding=\"async\" class=\"emoji\" role=\"img\" src=\"https:\/\/s.w.org\/images\/core\/emoji\/16.0.1\/svg\/1f33f.svg\" alt=\"\ud83c\udf3f\" \/>\u00a0Kh\u00f4ng gian y\u00ean t\u0129nh, sang tr\u1ecdng v\u00e0 \u1ea5m c\u00fang<\/h3>\n<p>B\u01b0\u1edbc v\u00e0o Head Spa T\u00e2m M\u1ed9c T\u00e2m, b\u1ea1n s\u1ebd \u0111\u01b0\u1ee3c \u0111\u1eafm m\u00ecnh trong kh\u00f4ng gian t\u0129nh l\u1eb7ng, \u0111\u01b0\u1ee3c thi\u1ebft k\u1ebf tinh t\u1ebf v\u1edbi h\u01b0\u01a1ng th\u01a1m d\u1ecbu nh\u1eb9 t\u1eeb tinh d\u1ea7u thi\u00ean nhi\u00ean. M\u1ed7i chi ti\u1ebft \u0111\u1ec1u \u0111\u01b0\u1ee3c ch\u0103m ch\u00fat \u0111\u1ec3 mang \u0111\u1ebfn s\u1ef1 th\u01b0 th\u00e1i ngay t\u1eeb kho\u1ea3nh kh\u1eafc \u0111\u1ea7u ti\u00ean.\u00a0<\/p>\n<h3><img decoding=\"async\" class=\"emoji\" role=\"img\" src=\"https:\/\/s.w.org\/images\/core\/emoji\/16.0.1\/svg\/1f33f.svg\" alt=\"\ud83c\udf3f\" \/>\u00a0\u0110\u1ed9i ng\u0169 k\u1ef9 thu\u1eadt vi\u00ean t\u1eadn t\u00e2m, chuy\u00ean nghi\u1ec7p<\/h3>\n<p>\u0110\u1ed9i ng\u0169 t\u1ea1i Head Spa T\u00e2m M\u1ed9c T\u00e2m \u0111\u01b0\u1ee3c \u0111\u00e0o t\u1ea1o chuy\u00ean s\u00e2u v\u1ec1 V\u1eadt L\u00fd Tr\u1ecb Li\u1ec7u v\u00e0 Y h\u1ecdc c\u1ed5 truy\u1ec1n, g\u1ed9i d\u01b0\u1ee1ng sinh v\u00e0 ch\u0103m s\u00f3c da \u0111\u1ea7u. Kh\u00f4ng ch\u1ec9 th\u00e0nh th\u1ea1o k\u1ef9 thu\u1eadt, h\u1ecd c\u00f2n lu\u00f4n l\u1eafng nghe v\u00e0 th\u1ea5u hi\u1ec3u nhu c\u1ea7u c\u1ee7a t\u1eebng kh\u00e1ch h\u00e0ng, \u0111\u1ec3 m\u1ed7i tr\u1ea3i nghi\u1ec7m \u0111\u1ec1u mang l\u1ea1i s\u1ef1 tho\u1ea3i m\u00e1i v\u00e0 h\u00e0i l\u00f2ng nh\u1ea5t.<\/p>\n<h3><img decoding=\"async\" class=\"emoji\" role=\"img\" src=\"https:\/\/s.w.org\/images\/core\/emoji\/16.0.1\/svg\/1f33f.svg\" alt=\"\ud83c\udf3f\" \/>\u00a0Li\u1ec7u tr\u00ecnh \u0111a d\u1ea1ng \u2013 Ch\u0103m s\u00f3c to\u00e0n di\u1ec7n<\/h3>\n<p>Head Spa T\u00e2m M\u1ed9c T\u00e2m cung c\u1ea5p nhi\u1ec1u d\u1ecbch v\u1ee5 cao c\u1ea5p, bao g\u1ed3m:<\/p>\n<ul>\n<li>G\u1ed9i d\u01b0\u1ee1ng sinh nu\u00f4i d\u01b0\u1ee1ng m\u00e1i t\u00f3c, ch\u0103m s\u00f3c da \u0111\u1ea7u, gi\u1ea3i t\u1ecfa c\u0103ng th\u1eb3ng gi\u00fap t\u00e1i t\u1ea1o n\u0103ng l\u01b0\u1ee3ng cho qu\u00fd kh\u00e1ch.<\/li>\n<li>G\u1ed9i thang thu\u1ed1c b\u00ed truy\u1ec1n T\u00e2m M\u1ed9c T\u00e2m gi\u1ea3m r\u1ee5ng t\u00f3c, gi\u00fap m\u1ecdc t\u00f3c, d\u01b0\u1ee1ng n\u00e3o\u00a0 an th\u1ea7n gi\u00fap qu\u00fd kh\u00e1ch c\u00f3 gi\u1ea5c ng\u1ee7 s\u00e2u<\/li>\n<li>Massage c\u1ed5 \u2013 vai \u2013 g\u00e1y b\u1eb1ng thi\u1ebft b\u1ecb hi\u1ec7n \u0111\u1ea1i gi\u1ea3i t\u1ecfa c\u0103ng th\u1eb3ng, h\u1ed7 tr\u1ee3 l\u01b0u th\u00f4ng kh\u00ed huy\u1ebft v\u00e0 c\u1ea3i thi\u1ec7n gi\u1ea5c ng\u1ee7.<\/li>\n<li>Massage da \u0111\u1ea7u b\u1eb1ng tinh d\u1ea7u doTERRA &amp; k\u1ebft h\u1ee3p ch\u01b0\u1eddm t\u00fai thu\u1ed1c gi\u00fap th\u1ea3 l\u1ecfng c\u01a1 th\u1ec3, xua tan m\u1ec7t m\u1ecfi.<\/li>\n<\/ul>\n<p>Ch\u0103m s\u00f3c da m\u1eb7t chuy\u00ean s\u00e2u v\u1edbi s\u1ea3n ph\u1ea9m thi\u00ean nhi\u00ean an to\u00e0n, gi\u00fap l\u00e0n da t\u01b0\u01a1i tr\u1ebb, s\u00e1ng m\u1ecbn.<\/p>\n<p><img loading=\"lazy\" decoding=\"async\" class=\"size-full wp-image-4073 aligncenter\" src=\"https:\/\/pub-b2eddeeb92ae444d848d347a6b3a9fc5.r2.dev\/headspatammoctam\/file\/1758178734_68cbadae35621.jpg\" alt=\"\" width=\"1726\" height=\"2267\" \/><\/p>\n<h3><img decoding=\"async\" class=\"emoji\" role=\"img\" src=\"https:\/\/s.w.org\/images\/core\/emoji\/16.0.1\/svg\/1f33f.svg\" alt=\"\ud83c\udf3f\" \/>\u00a0S\u1ea3n ph\u1ea9m &amp; nguy\u00ean li\u1ec7u an to\u00e0n<\/h3>\n<p>Head Spa T\u00e2m M\u1ed9c T\u00e2m s\u1eed d\u1ee5ng 100% tinh d\u1ea7u thi\u00ean nhi\u00ean xu\u1ea5t x\u1ee9 t\u1eeb M\u1ef9, \u0111\u01b0\u1ee3c ch\u1ecdn l\u1ecdc k\u1ef9 c\u00e0ng v\u00e0 s\u1ea3n ph\u1ea9m ch\u0103m s\u00f3c uy t\u00edn, \u0111\u1ea3m b\u1ea3o hi\u1ec7u qu\u1ea3 m\u00e0 v\u1eabn an to\u00e0n tuy\u1ec7t \u0111\u1ed1i cho s\u1ee9c kh\u1ecfe qu\u00fd kh\u00e1ch.<\/p>\n<h3><img decoding=\"async\" class=\"emoji\" role=\"img\" src=\"https:\/\/s.w.org\/images\/core\/emoji\/16.0.1\/svg\/1f33f.svg\" alt=\"\ud83c\udf3f\" \/>\u00a0Cam k\u1ebft h\u00e0i l\u00f2ng tuy\u1ec7t \u0111\u1ed1i<\/h3>\n<p>Ch\u00fang t\u00f4i lu\u00f4n \u0111\u1eb7t s\u1ef1 h\u00e0i l\u00f2ng v\u00e0 s\u1ee9c kh\u1ecfe c\u1ee7a qu\u00fd kh\u00e1ch l\u00ean h\u00e0ng \u0111\u1ea7u. M\u1ed7i li\u1ec7u tr\u00ecnh \u0111\u1ec1u \u0111\u01b0\u1ee3c thi\u1ebft k\u1ebf ri\u00eang bi\u1ec7t, ph\u00f9 h\u1ee3p v\u1edbi nhu c\u1ea7u t\u1eebng ng\u01b0\u1eddi. Ph\u1ea3n h\u1ed3i t\u00edch c\u1ef1c t\u1eeb kh\u00e1ch h\u00e0ng ch\u00ednh l\u00e0 minh ch\u1ee9ng cho s\u1ef1 t\u1eadn t\u00e2m v\u00e0 uy t\u00edn c\u1ee7a Head Spa T\u00e2m M\u1ed9c T\u00e2m.<\/p>\n<h3><img decoding=\"async\" class=\"emoji\" role=\"img\" src=\"https:\/\/s.w.org\/images\/core\/emoji\/16.0.1\/svg\/1f33f.svg\" alt=\"\ud83c\udf3f\" \/>\u00a0Khuy\u1ebfn m\u00e3i &amp; \u01b0u \u0111\u00e3i h\u1ea5p d\u1eabn<\/h3>\n<p>B\u00ean c\u1ea1nh ch\u1ea5t l\u01b0\u1ee3ng d\u1ecbch v\u1ee5, Head Spa T\u00e2m M\u1ed9c T\u00e2m th\u01b0\u1eddng xuy\u00ean mang \u0111\u1ebfn c\u00e1c ch\u01b0\u01a1ng tr\u00ecnh \u01b0u \u0111\u00e3i \u0111\u1eb7c bi\u1ec7t, gi\u00fap b\u1ea1n c\u00f3 th\u00eam nhi\u1ec1u c\u01a1 h\u1ed9i tr\u1ea3i nghi\u1ec7m tr\u1ecdn v\u1eb9n s\u1ef1 th\u01b0 gi\u00e3n m\u00e0 kh\u00f4ng ph\u1ea3i lo l\u1eafng v\u1ec1 chi ph\u00ed.<\/p>\n<p><img loading=\"lazy\" decoding=\"async\" class=\"size-full wp-image-4053 aligncenter\" src=\"https:\/\/pub-b2eddeeb92ae444d848d347a6b3a9fc5.r2.dev\/headspatammoctam\/file\/1758177182_68cba79ecefa0.jpg\" alt=\"\" width=\"2034\" height=\"2560\" \/><\/p>\n<p><img loading=\"lazy\" decoding=\"async\" class=\"size-full wp-image-4074 aligncenter\" src=\"https:\/\/pub-b2eddeeb92ae444d848d347a6b3a9fc5.r2.dev\/headspatammoctam\/file\/1758178783_68cbaddf46baf.jpg\" alt=\"\" width=\"1400\" height=\"817\" \/><\/p>\n<p><img loading=\"lazy\" decoding=\"async\" class=\"alignnone size-full wp-image-4075\" src=\"https:\/\/pub-b2eddeeb92ae444d848d347a6b3a9fc5.r2.dev\/headspatammoctam\/file\/1758178865_68cbae31b6df3.jpg\" alt=\"\" width=\"2560\" height=\"1920\" \/><\/p>\n<h3><img decoding=\"async\" class=\"emoji\" role=\"img\" src=\"https:\/\/s.w.org\/images\/core\/emoji\/16.0.1\/svg\/1f33f.svg\" alt=\"\ud83c\udf3f\" \/>\u00a0V\u1ecb tr\u00ed thu\u1eadn ti\u1ec7n \u2013 M\u00f4i tr\u01b0\u1eddng an to\u00e0n<\/h3>\n<p>T\u1ecda l\u1ea1c t\u1ea1i v\u1ecb tr\u00ed d\u1ec5 d\u00e0ng t\u00ecm ki\u1ebfm, Head Spa T\u00e2m M\u1ed9c T\u00e2m thu\u1eadn ti\u1ec7n cho kh\u00e1ch h\u00e0ng gh\u00e9 th\u0103m. Ch\u00fang t\u00f4i c\u0169ng lu\u00f4n duy tr\u00ec ti\u00eau chu\u1ea9n v\u1ec7 sinh v\u00e0 an to\u00e0n cao nh\u1ea5t, mang \u0111\u1ebfn s\u1ef1 an t\u00e2m tuy\u1ec7t \u0111\u1ed1i cho kh\u00e1ch h\u00e0ng trong m\u1ed7i l\u1ea7n tr\u1ea3i nghi\u1ec7m.<\/p>\n<p><strong><img decoding=\"async\" class=\"emoji\" role=\"img\" src=\"https:\/\/s.w.org\/images\/core\/emoji\/16.0.1\/svg\/1f49a.svg\" alt=\"\ud83d\udc9a\" \/>\u00a0Head Spa T\u00e2m M\u1ed9c T\u00e2m \u2013 N\u00e2ng niu s\u1ee9c kh\u1ecfe, nu\u00f4i d\u01b0\u1ee1ng tinh th\u1ea7n, kh\u01a1i ngu\u1ed3n n\u0103ng l\u01b0\u1ee3ng m\u1edbi cho b\u1ea1n m\u1ed7i ng\u00e0y.<\/strong><\/p>\n\t\t\t<\/div>\n\t \t\t<\/div>\n\t\t\t\t\t<\/div>\n\n\t <\/div> \t\t<\/div>\n\n\t\t\n<style>\n#section_1505170171 {\n  padding-top: 0px;\n  padding-bottom: 0px;\n}\n<\/style>\n\t<\/section>\n\t\n","protected":false},"excerpt":{"rendered":"","protected":false},"author":1,"featured_media":0,"parent":0,"menu_order":0,"comment_status":"closed","ping_status":"closed","template":"page-blank.php","meta":{"_acf_changed":false,"footnotes":""},"class_list":["post-4101","page","type-page","status-publish","hentry"],"acf":[],"yoast_head":"<!-- This site is optimized with the Yoast SEO plugin v25.8 - https:\/\/yoast.com\/wordpress\/plugins\/seo\/ -->\n<title>Gi\u1edbi thi\u1ec7u<\/title>\n<meta name=\"robots\" content=\"noindex, nofollow\" \/>\n<meta property=\"og:locale\" content=\"vi_VN\" \/>\n<meta property=\"og:type\" content=\"article\" \/>\n<meta property=\"og:title\" content=\"Gi\u1edbi thi\u1ec7u\" \/>\n<meta property=\"og:url\" content=\"https:\/\/headspatammoctam.trueads.ai\/vi\/gioi-thieu\/\" \/>\n<meta property=\"og:site_name\" content=\"Headspatammoctam\" \/>\n<meta property=\"article:modified_time\" content=\"2025-09-19T02:45:52+00:00\" \/>\n<meta property=\"og:image\" content=\"https:\/\/s.w.org\/images\/core\/emoji\/16.0.1\/svg\/2728.svg\" \/>\n<meta name=\"twitter:card\" content=\"summary_large_image\" \/>\n<meta name=\"twitter:label1\" content=\"\u01af\u1edbc t\u00ednh th\u1eddi gian \u0111\u1ecdc\" \/>\n\t<meta name=\"twitter:data1\" content=\"3 ph\u00fat\" \/>\n<script type=\"application\/ld+json\" class=\"yoast-schema-graph\">{\"@context\":\"https:\/\/schema.org\",\"@graph\":[{\"@type\":\"WebPage\",\"@id\":\"https:\/\/headspatammoctam.trueads.ai\/vi\/gioi-thieu\/\",\"url\":\"https:\/\/headspatammoctam.trueads.ai\/vi\/gioi-thieu\/\",\"name\":\"Gi\u1edbi thi\u1ec7u\",\"isPartOf\":{\"@id\":\"https:\/\/headspatammoctam.com\/#website\"},\"primaryImageOfPage\":{\"@id\":\"https:\/\/headspatammoctam.trueads.ai\/vi\/gioi-thieu\/#primaryimage\"},\"image\":{\"@id\":\"https:\/\/headspatammoctam.trueads.ai\/vi\/gioi-thieu\/#primaryimage\"},\"thumbnailUrl\":\"https:\/\/s.w.org\/images\/core\/emoji\/16.0.1\/svg\/2728.svg\",\"datePublished\":\"2024-10-23T14:19:05+00:00\",\"dateModified\":\"2025-09-19T02:45:52+00:00\",\"breadcrumb\":{\"@id\":\"https:\/\/headspatammoctam.trueads.ai\/vi\/gioi-thieu\/#breadcrumb\"},\"inLanguage\":\"vi\",\"potentialAction\":[{\"@type\":\"ReadAction\",\"target\":[\"https:\/\/headspatammoctam.trueads.ai\/vi\/gioi-thieu\/\"]}]},{\"@type\":\"ImageObject\",\"inLanguage\":\"vi\",\"@id\":\"https:\/\/headspatammoctam.trueads.ai\/vi\/gioi-thieu\/#primaryimage\",\"url\":\"https:\/\/s.w.org\/images\/core\/emoji\/16.0.1\/svg\/2728.svg\",\"contentUrl\":\"https:\/\/s.w.org\/images\/core\/emoji\/16.0.1\/svg\/2728.svg\"},{\"@type\":\"BreadcrumbList\",\"@id\":\"https:\/\/headspatammoctam.trueads.ai\/vi\/gioi-thieu\/#breadcrumb\",\"itemListElement\":[{\"@type\":\"ListItem\",\"position\":1,\"name\":\"Trang ch\u1ee7\",\"item\":\"https:\/\/headspatammoctam.com\/\"},{\"@type\":\"ListItem\",\"position\":2,\"name\":\"Gi\u1edbi thi\u1ec7u\"}]},{\"@type\":\"WebSite\",\"@id\":\"https:\/\/headspatammoctam.com\/#website\",\"url\":\"https:\/\/headspatammoctam.com\/\",\"name\":\"Headspatammoctam\",\"description\":\"\",\"publisher\":{\"@id\":\"https:\/\/headspatammoctam.com\/#organization\"},\"potentialAction\":[{\"@type\":\"SearchAction\",\"target\":{\"@type\":\"EntryPoint\",\"urlTemplate\":\"https:\/\/headspatammoctam.com\/?s={search_term_string}\"},\"query-input\":{\"@type\":\"PropertyValueSpecification\",\"valueRequired\":true,\"valueName\":\"search_term_string\"}}],\"inLanguage\":\"vi\"},{\"@type\":\"Organization\",\"@id\":\"https:\/\/headspatammoctam.com\/#organization\",\"name\":\"Headspatammoctam\",\"url\":\"https:\/\/headspatammoctam.com\/\",\"logo\":{\"@type\":\"ImageObject\",\"inLanguage\":\"vi\",\"@id\":\"https:\/\/headspatammoctam.com\/#\/schema\/logo\/image\/\",\"url\":\"\",\"contentUrl\":\"\",\"width\":512,\"height\":512,\"caption\":\"Headspatammoctam\"},\"image\":{\"@id\":\"https:\/\/headspatammoctam.com\/#\/schema\/logo\/image\/\"}}]}<\/script>\n<!-- \/ Yoast SEO plugin. -->","yoast_head_json":{"title":"Gi\u1edbi thi\u1ec7u","robots":{"index":"noindex","follow":"nofollow"},"og_locale":"vi_VN","og_type":"article","og_title":"Gi\u1edbi thi\u1ec7u","og_url":"https:\/\/headspatammoctam.trueads.ai\/vi\/gioi-thieu\/","og_site_name":"Headspatammoctam","article_modified_time":"2025-09-19T02:45:52+00:00","og_image":[{"url":"https:\/\/s.w.org\/images\/core\/emoji\/16.0.1\/svg\/2728.svg","type":"","width":"","height":""}],"twitter_card":"summary_large_image","twitter_misc":{"\u01af\u1edbc t\u00ednh th\u1eddi gian \u0111\u1ecdc":"3 ph\u00fat"},"schema":{"@context":"https:\/\/schema.org","@graph":[{"@type":"WebPage","@id":"https:\/\/headspatammoctam.trueads.ai\/vi\/gioi-thieu\/","url":"https:\/\/headspatammoctam.trueads.ai\/vi\/gioi-thieu\/","name":"Gi\u1edbi thi\u1ec7u","isPartOf":{"@id":"https:\/\/headspatammoctam.com\/#website"},"primaryImageOfPage":{"@id":"https:\/\/headspatammoctam.trueads.ai\/vi\/gioi-thieu\/#primaryimage"},"image":{"@id":"https:\/\/headspatammoctam.trueads.ai\/vi\/gioi-thieu\/#primaryimage"},"thumbnailUrl":"https:\/\/s.w.org\/images\/core\/emoji\/16.0.1\/svg\/2728.svg","datePublished":"2024-10-23T14:19:05+00:00","dateModified":"2025-09-19T02:45:52+00:00","breadcrumb":{"@id":"https:\/\/headspatammoctam.trueads.ai\/vi\/gioi-thieu\/#breadcrumb"},"inLanguage":"vi","potentialAction":[{"@type":"ReadAction","target":["https:\/\/headspatammoctam.trueads.ai\/vi\/gioi-thieu\/"]}]},{"@type":"ImageObject","inLanguage":"vi","@id":"https:\/\/headspatammoctam.trueads.ai\/vi\/gioi-thieu\/#primaryimage","url":"https:\/\/s.w.org\/images\/core\/emoji\/16.0.1\/svg\/2728.svg","contentUrl":"https:\/\/s.w.org\/images\/core\/emoji\/16.0.1\/svg\/2728.svg"},{"@type":"BreadcrumbList","@id":"https:\/\/headspatammoctam.trueads.ai\/vi\/gioi-thieu\/#breadcrumb","itemListElement":[{"@type":"ListItem","position":1,"name":"Trang ch\u1ee7","item":"https:\/\/headspatammoctam.com\/"},{"@type":"ListItem","position":2,"name":"Gi\u1edbi thi\u1ec7u"}]},{"@type":"WebSite","@id":"https:\/\/headspatammoctam.com\/#website","url":"https:\/\/headspatammoctam.com\/","name":"Headspatammoctam","description":"","publisher":{"@id":"https:\/\/headspatammoctam.com\/#organization"},"potentialAction":[{"@type":"SearchAction","target":{"@type":"EntryPoint","urlTemplate":"https:\/\/headspatammoctam.com\/?s={search_term_string}"},"query-input":{"@type":"PropertyValueSpecification","valueRequired":true,"valueName":"search_term_string"}}],"inLanguage":"vi"},{"@type":"Organization","@id":"https:\/\/headspatammoctam.com\/#organization","name":"Headspatammoctam","url":"https:\/\/headspatammoctam.com\/","logo":{"@type":"ImageObject","inLanguage":"vi","@id":"https:\/\/headspatammoctam.com\/#\/schema\/logo\/image\/","url":"","contentUrl":"","width":512,"height":512,"caption":"Headspatammoctam"},"image":{"@id":"https:\/\/headspatammoctam.com\/#\/schema\/logo\/image\/"}}]}},"_links":{"self":[{"href":"https:\/\/headspatammoctam.trueads.ai\/vi\/wp-json\/wp\/v2\/pages\/4101","targetHints":{"allow":["GET"]}}],"collection":[{"href":"https:\/\/headspatammoctam.trueads.ai\/vi\/wp-json\/wp\/v2\/pages"}],"about":[{"href":"https:\/\/headspatammoctam.trueads.ai\/vi\/wp-json\/wp\/v2\/types\/page"}],"author":[{"embeddable":true,"href":"https:\/\/headspatammoctam.trueads.ai\/vi\/wp-json\/wp\/v2\/users\/1"}],"replies":[{"embeddable":true,"href":"https:\/\/headspatammoctam.trueads.ai\/vi\/wp-json\/wp\/v2\/comments?post=4101"}],"version-history":[{"count":2,"href":"https:\/\/headspatammoctam.trueads.ai\/vi\/wp-json\/wp\/v2\/pages\/4101\/revisions"}],"predecessor-version":[{"id":4105,"href":"https:\/\/headspatammoctam.trueads.ai\/vi\/wp-json\/wp\/v2\/pages\/4101\/revisions\/4105"}],"wp:attachment":[{"href":"https:\/\/headspatammoctam.trueads.ai\/vi\/wp-json\/wp\/v2\/media?parent=4101"}],"curies":[{"name":"wp","href":"https:\/\/api.w.org\/{rel}","templated":true}]}}