
{"id":4095,"date":"2024-10-17T08:50:38","date_gmt":"2024-10-17T08:50:38","guid":{"rendered":"https:\/\/headspatammoctam.trueads.ai\/dat-lich-hen\/"},"modified":"2025-09-19T02:44:00","modified_gmt":"2025-09-19T02:44:00","slug":"dat-lich-hen","status":"publish","type":"page","link":"https:\/\/headspatammoctam.trueads.ai\/vi\/dat-lich-hen\/","title":{"rendered":"\u0110\u1eb7t l\u1ecbch"},"content":{"rendered":"\t<section class=\"section section_banner\" id=\"section_1623998136\">\n\t\t<div class=\"bg section-bg fill bg-fill  bg-loaded\" >\n\n\t\t\t\n\t\t\t\n\t\t\t\n\n\t\t<\/div>\n\n\t\t\n\n\t\t<div class=\"section-content relative\">\n\t\t\t\n\n\n  <div class=\"banner has-hover banner_ux\" id=\"banner-202305972\">\n          <div class=\"banner-inner fill\">\n        <div class=\"banner-bg fill\" >\n            <div class=\"bg fill bg-fill \"><\/div>\n                                    \n                    <\/div>\n\t\t\n        <div class=\"banner-layers container\">\n            <div class=\"fill banner-link\"><\/div>            \n\n   <div id=\"text-box-390819459\" class=\"text-box banner-layer x50 md-x50 lg-x50 y50 md-y50 lg-y50 res-text\">\n                                <div class=\"text-box-content text dark\">\n              \n              <div class=\"text-inner text-center\">\n                  \n\n\t\t<div class=\"banner_html\">\n\t\t\t\t\n\n<h1 class=\"current-page\">Trang ch\u1ee7<\/h1><div class=\"breadcrumb-full\"><div class=\"yoast-breadcrumbs\"><span><span><a href=\"https:\/\/headspatammoctam.com\/\">Trang ch\u1ee7<\/a><\/span><\/span><\/div><\/div>\n\t\t<\/div>\n\t\n\n              <\/div>\n           <\/div>\n                            \n<style>\n#text-box-390819459 {\n  width: 60%;\n}\n#text-box-390819459 .text-box-content {\n  font-size: 100%;\n}\n<\/style>\n    <\/div>\n \n\n        <\/div>\n      <\/div>\n\n            \n<style>\n#banner-202305972 {\n  padding-top: 500px;\n}\n#banner-202305972 .bg.bg-loaded {\n  background-image: url(https:\/\/headspatammoctam.trueads.ai\/wp-content\/uploads\/2024\/10\/breadcrumb.jpg);\n}\n<\/style>\n  <\/div>\n\n\n\n\t\t<\/div>\n\n\t\t\n<style>\n#section_1623998136 {\n  padding-top: 0px;\n  padding-bottom: 0px;\n}\n<\/style>\n\t<\/section>\n\t \t<section class=\"section datlichhen\" id=\"section_1398603560\">\n\t\t<div class=\"bg section-bg fill bg-fill  bg-loaded\" >\n\n\t\t\t\n\t\t\t\n\t\t\t\n\n\t\t<\/div>\n\n\t\t\n\n\t\t<div class=\"section-content relative\">\n\t\t\t <div class=\"row row1\"  id=\"row-2131920292\"> \n\t<div id=\"col-1126982717\" class=\"col col3 small-12 large-12\"  >\n\t\t\t\t<div class=\"col-inner\"  >\n\t\t\t\n\t\t\t \t<div id=\"text-950809502\" class=\"text datlichhen_title\">\n\t\t\n<h2>\u0110\u1eb7t l\u1ecbch h\u1eb9n<\/h2>\n\t\t\n<style>\n#text-950809502 {\n  text-align: center;\n}\n<\/style>\n\t<\/div>\n\t \t\t<\/div>\n\t\t\t\t\t<\/div>\n\n\t \n\t<div id=\"col-1967600662\" class=\"col col1 medium-12 small-12 large-6\"  >\n\t\t\t\t<div class=\"col-inner\"  >\n\t\t\t\n\t\t\t \t<div class=\"img has-hover col1_item1 x md-x lg-x y md-y lg-y\" id=\"image_1188362208\">\n\t\t\t\t\t\t\t\t<div class=\"img-inner dark\" >\n\t\t\t<img loading=\"lazy\" decoding=\"async\" width=\"1400\" height=\"1055\" src=\"https:\/\/pub-b2eddeeb92ae444d848d347a6b3a9fc5.r2.dev\/headspatammoctam\/file\/1758249707_68ccc2ebe321a.jpg\" class=\"attachment-original size-original\" alt=\"\" \/>\t\t\t\t\t\t\n\t\t\t\t\t<\/div>\n\t\t\t\t\t\t\t\t\n<style>\n#image_1188362208 {\n  width: 100%;\n}\n<\/style>\n\t<\/div>\n\t \t\t<\/div>\n\t\t\t\t\t<\/div>\n\n\t \n\t<div id=\"col-60749594\" class=\"col col2 medium-12 small-12 large-6\"  >\n\t\t\t\t<div class=\"col-inner\"  >\n\t\t\t\n\t\t\t \n<div class=\"wpcf7 no-js\" id=\"wpcf7-f680-o1\" lang=\"zh-TW\" dir=\"ltr\" data-wpcf7-id=\"680\">\n<div class=\"screen-reader-response\"><p role=\"status\" aria-live=\"polite\" aria-atomic=\"true\"><\/p> <ul><\/ul><\/div>\n<form action=\"\/vi\/wp-json\/wp\/v2\/pages\/4095#wpcf7-f680-o1\" method=\"post\" class=\"wpcf7-form init\" aria-label=\"\u806f\u7d61\u8868\u55ae\" novalidate=\"novalidate\" data-status=\"init\">\n<fieldset class=\"hidden-fields-container\"><input type=\"hidden\" name=\"_wpcf7\" value=\"680\" \/><input type=\"hidden\" name=\"_wpcf7_version\" value=\"6.1.1\" \/><input type=\"hidden\" name=\"_wpcf7_locale\" value=\"zh_TW\" \/><input type=\"hidden\" name=\"_wpcf7_unit_tag\" value=\"wpcf7-f680-o1\" \/><input type=\"hidden\" name=\"_wpcf7_container_post\" value=\"0\" \/><input type=\"hidden\" name=\"_wpcf7_posted_data_hash\" value=\"\" \/>\n<\/fieldset>\n<p><label>H\u1ecd v\u00e0 t\u00ean: <\/label><br \/>\n<span class=\"wpcf7-form-control-wrap\" data-name=\"ho-va-ten\"><input size=\"40\" maxlength=\"400\" class=\"wpcf7-form-control wpcf7-text wpcf7-validates-as-required\" aria-required=\"true\" aria-invalid=\"false\" placeholder=\"H\u1ecd v\u00e0 t\u00ean...\" value=\"\" type=\"text\" name=\"ho-va-ten\" \/><\/span>\n<\/p>\n<p><label>Email: <\/label><br \/>\n<span class=\"wpcf7-form-control-wrap\" data-name=\"email\"><input size=\"40\" maxlength=\"400\" class=\"wpcf7-form-control wpcf7-email wpcf7-text wpcf7-validates-as-email\" aria-invalid=\"false\" placeholder=\"Email\" value=\"\" type=\"email\" name=\"email\" \/><\/span>\n<\/p>\n<p><label>S\u1ed1 \u0111i\u1ec7n tho\u1ea1i: <\/label><br \/>\n<span class=\"wpcf7-form-control-wrap\" data-name=\"so-dien-thoai\"><input size=\"40\" maxlength=\"400\" class=\"wpcf7-form-control wpcf7-tel wpcf7-text wpcf7-validates-as-tel\" aria-invalid=\"false\" placeholder=\"S\u1ed1 \u0111i\u1ec7n tho\u1ea1i...\" value=\"\" type=\"tel\" name=\"so-dien-thoai\" \/><\/span>\n<\/p>\n<p><label>Ch\u1ecdn d\u1ecbch v\u1ee5: <\/label><br \/>\n<span class=\"wpcf7-form-control-wrap\" data-name=\"chon-dich-vu\"><select class=\"wpcf7-form-control wpcf7-select\" aria-invalid=\"false\" name=\"chon-dich-vu\"><option value=\"Ch\u1ecdn d\u1ecbch v\u1ee5\">Ch\u1ecdn d\u1ecbch v\u1ee5<\/option><option value=\"\u0110i\u1ec1u tr\u1ecb th\u00e2m mun\">\u0110i\u1ec1u tr\u1ecb th\u00e2m mun<\/option><option value=\"Nu\u00f4i da tr\u1eafng s\u00e1ng - t\u00e1i t\u1ea1o chuy\u00ean s\u00e2u\">Nu\u00f4i da tr\u1eafng s\u00e1ng - t\u00e1i t\u1ea1o chuy\u00ean s\u00e2u<\/option><option value=\"Massage Body th\u01b0 gi\u00e3n to\u00e0n th\u00e2n\">Massage Body th\u01b0 gi\u00e3n to\u00e0n th\u00e2n<\/option><option value=\"Tr\u1ecb n\u00e1m - t\u00e0n nhang\">Tr\u1ecb n\u00e1m - t\u00e0n nhang<\/option><option value=\"Tr\u1ecb m\u1ee5n \n    chuy\u00ean s\u00e2u\">Tr\u1ecb m\u1ee5n \n    chuy\u00ean s\u00e2u<\/option><option value=\"L\u1ea5y nh\u00e2n m\u1ee5n\">L\u1ea5y nh\u00e2n m\u1ee5n<\/option><option value=\"Ch\u0103m s\u00f3c da c\u01a1 b\u1ea3n\">Ch\u0103m s\u00f3c da c\u01a1 b\u1ea3n<\/option><option value=\"Ch\u0103m s\u00f3c da chuy\u00ean s\u00e2u\">Ch\u0103m s\u00f3c da chuy\u00ean s\u00e2u<\/option><option value=\"D\u1ecbch v\u1ee5 tr\u1ebb ho\u00e1 da b\u1eb1ng c\u00f4ng ngh\u1ec7 PRP\">D\u1ecbch v\u1ee5 tr\u1ebb ho\u00e1 da b\u1eb1ng c\u00f4ng ngh\u1ec7 PRP<\/option><\/select><\/span>\n<\/p>\n<p><label>Ghi ch\u00fa: <\/label><br \/>\n<span class=\"wpcf7-form-control-wrap\" data-name=\"ghi-chu\"><textarea cols=\"40\" rows=\"10\" maxlength=\"2000\" class=\"wpcf7-form-control wpcf7-textarea\" aria-invalid=\"false\" placeholder=\"Nh\u1eadp ghi ch\u00fa\" name=\"ghi-chu\"><\/textarea><\/span>\n<\/p>\n<p><input class=\"wpcf7-form-control wpcf7-submit has-spinner button\" type=\"submit\" value=\"\u0110\u1eb7t l\u1ecbch ngay\" \/>\n<\/p><div class=\"wpcf7-response-output\" aria-hidden=\"true\"><\/div>\n<\/form>\n<\/div>\n \t\t<\/div>\n\t\t\t\t\t<\/div>\n\n\t <\/div> \t\t<\/div>\n\n\t\t\n<style>\n#section_1398603560 {\n  padding-top: 0px;\n  padding-bottom: 0px;\n}\n<\/style>\n\t<\/section>\n\t\n","protected":false},"excerpt":{"rendered":"","protected":false},"author":1,"featured_media":0,"parent":0,"menu_order":0,"comment_status":"closed","ping_status":"closed","template":"page-blank.php","meta":{"_acf_changed":false,"footnotes":""},"class_list":["post-4095","page","type-page","status-publish","hentry"],"acf":[],"yoast_head":"<!-- This site is optimized with the Yoast SEO plugin v25.8 - https:\/\/yoast.com\/wordpress\/plugins\/seo\/ -->\n<title>\u0110\u1eb7t l\u1ecbch<\/title>\n<meta name=\"robots\" content=\"noindex, nofollow\" \/>\n<meta property=\"og:locale\" content=\"vi_VN\" \/>\n<meta property=\"og:type\" content=\"article\" \/>\n<meta property=\"og:title\" content=\"\u0110\u1eb7t l\u1ecbch\" \/>\n<meta property=\"og:url\" content=\"https:\/\/headspatammoctam.trueads.ai\/vi\/dat-lich-hen\/\" \/>\n<meta property=\"og:site_name\" content=\"Headspatammoctam\" \/>\n<meta property=\"article:modified_time\" content=\"2025-09-19T02:44:00+00:00\" \/>\n<meta name=\"twitter:card\" content=\"summary_large_image\" \/>\n<meta name=\"twitter:label1\" content=\"\u01af\u1edbc t\u00ednh th\u1eddi gian \u0111\u1ecdc\" \/>\n\t<meta name=\"twitter:data1\" content=\"1 ph\u00fat\" \/>\n<script type=\"application\/ld+json\" class=\"yoast-schema-graph\">{\"@context\":\"https:\/\/schema.org\",\"@graph\":[{\"@type\":\"WebPage\",\"@id\":\"https:\/\/headspatammoctam.trueads.ai\/vi\/dat-lich-hen\/\",\"url\":\"https:\/\/headspatammoctam.trueads.ai\/vi\/dat-lich-hen\/\",\"name\":\"\u0110\u1eb7t l\u1ecbch\",\"isPartOf\":{\"@id\":\"https:\/\/headspatammoctam.com\/#website\"},\"datePublished\":\"2024-10-17T08:50:38+00:00\",\"dateModified\":\"2025-09-19T02:44:00+00:00\",\"breadcrumb\":{\"@id\":\"https:\/\/headspatammoctam.trueads.ai\/vi\/dat-lich-hen\/#breadcrumb\"},\"inLanguage\":\"vi\",\"potentialAction\":[{\"@type\":\"ReadAction\",\"target\":[\"https:\/\/headspatammoctam.trueads.ai\/vi\/dat-lich-hen\/\"]}]},{\"@type\":\"BreadcrumbList\",\"@id\":\"https:\/\/headspatammoctam.trueads.ai\/vi\/dat-lich-hen\/#breadcrumb\",\"itemListElement\":[{\"@type\":\"ListItem\",\"position\":1,\"name\":\"Trang ch\u1ee7\",\"item\":\"https:\/\/headspatammoctam.com\/\"},{\"@type\":\"ListItem\",\"position\":2,\"name\":\"\u0110\u1eb7t l\u1ecbch\"}]},{\"@type\":\"WebSite\",\"@id\":\"https:\/\/headspatammoctam.com\/#website\",\"url\":\"https:\/\/headspatammoctam.com\/\",\"name\":\"Headspatammoctam\",\"description\":\"\",\"publisher\":{\"@id\":\"https:\/\/headspatammoctam.com\/#organization\"},\"potentialAction\":[{\"@type\":\"SearchAction\",\"target\":{\"@type\":\"EntryPoint\",\"urlTemplate\":\"https:\/\/headspatammoctam.com\/?s={search_term_string}\"},\"query-input\":{\"@type\":\"PropertyValueSpecification\",\"valueRequired\":true,\"valueName\":\"search_term_string\"}}],\"inLanguage\":\"vi\"},{\"@type\":\"Organization\",\"@id\":\"https:\/\/headspatammoctam.com\/#organization\",\"name\":\"Headspatammoctam\",\"url\":\"https:\/\/headspatammoctam.com\/\",\"logo\":{\"@type\":\"ImageObject\",\"inLanguage\":\"vi\",\"@id\":\"https:\/\/headspatammoctam.com\/#\/schema\/logo\/image\/\",\"url\":\"\",\"contentUrl\":\"\",\"width\":512,\"height\":512,\"caption\":\"Headspatammoctam\"},\"image\":{\"@id\":\"https:\/\/headspatammoctam.com\/#\/schema\/logo\/image\/\"}}]}<\/script>\n<!-- \/ Yoast SEO plugin. -->","yoast_head_json":{"title":"\u0110\u1eb7t l\u1ecbch","robots":{"index":"noindex","follow":"nofollow"},"og_locale":"vi_VN","og_type":"article","og_title":"\u0110\u1eb7t l\u1ecbch","og_url":"https:\/\/headspatammoctam.trueads.ai\/vi\/dat-lich-hen\/","og_site_name":"Headspatammoctam","article_modified_time":"2025-09-19T02:44:00+00:00","twitter_card":"summary_large_image","twitter_misc":{"\u01af\u1edbc t\u00ednh th\u1eddi gian \u0111\u1ecdc":"1 ph\u00fat"},"schema":{"@context":"https:\/\/schema.org","@graph":[{"@type":"WebPage","@id":"https:\/\/headspatammoctam.trueads.ai\/vi\/dat-lich-hen\/","url":"https:\/\/headspatammoctam.trueads.ai\/vi\/dat-lich-hen\/","name":"\u0110\u1eb7t l\u1ecbch","isPartOf":{"@id":"https:\/\/headspatammoctam.com\/#website"},"datePublished":"2024-10-17T08:50:38+00:00","dateModified":"2025-09-19T02:44:00+00:00","breadcrumb":{"@id":"https:\/\/headspatammoctam.trueads.ai\/vi\/dat-lich-hen\/#breadcrumb"},"inLanguage":"vi","potentialAction":[{"@type":"ReadAction","target":["https:\/\/headspatammoctam.trueads.ai\/vi\/dat-lich-hen\/"]}]},{"@type":"BreadcrumbList","@id":"https:\/\/headspatammoctam.trueads.ai\/vi\/dat-lich-hen\/#breadcrumb","itemListElement":[{"@type":"ListItem","position":1,"name":"Trang ch\u1ee7","item":"https:\/\/headspatammoctam.com\/"},{"@type":"ListItem","position":2,"name":"\u0110\u1eb7t l\u1ecbch"}]},{"@type":"WebSite","@id":"https:\/\/headspatammoctam.com\/#website","url":"https:\/\/headspatammoctam.com\/","name":"Headspatammoctam","description":"","publisher":{"@id":"https:\/\/headspatammoctam.com\/#organization"},"potentialAction":[{"@type":"SearchAction","target":{"@type":"EntryPoint","urlTemplate":"https:\/\/headspatammoctam.com\/?s={search_term_string}"},"query-input":{"@type":"PropertyValueSpecification","valueRequired":true,"valueName":"search_term_string"}}],"inLanguage":"vi"},{"@type":"Organization","@id":"https:\/\/headspatammoctam.com\/#organization","name":"Headspatammoctam","url":"https:\/\/headspatammoctam.com\/","logo":{"@type":"ImageObject","inLanguage":"vi","@id":"https:\/\/headspatammoctam.com\/#\/schema\/logo\/image\/","url":"","contentUrl":"","width":512,"height":512,"caption":"Headspatammoctam"},"image":{"@id":"https:\/\/headspatammoctam.com\/#\/schema\/logo\/image\/"}}]}},"_links":{"self":[{"href":"https:\/\/headspatammoctam.trueads.ai\/vi\/wp-json\/wp\/v2\/pages\/4095","targetHints":{"allow":["GET"]}}],"collection":[{"href":"https:\/\/headspatammoctam.trueads.ai\/vi\/wp-json\/wp\/v2\/pages"}],"about":[{"href":"https:\/\/headspatammoctam.trueads.ai\/vi\/wp-json\/wp\/v2\/types\/page"}],"author":[{"embeddable":true,"href":"https:\/\/headspatammoctam.trueads.ai\/vi\/wp-json\/wp\/v2\/users\/1"}],"replies":[{"embeddable":true,"href":"https:\/\/headspatammoctam.trueads.ai\/vi\/wp-json\/wp\/v2\/comments?post=4095"}],"version-history":[{"count":2,"href":"https:\/\/headspatammoctam.trueads.ai\/vi\/wp-json\/wp\/v2\/pages\/4095\/revisions"}],"predecessor-version":[{"id":4097,"href":"https:\/\/headspatammoctam.trueads.ai\/vi\/wp-json\/wp\/v2\/pages\/4095\/revisions\/4097"}],"wp:attachment":[{"href":"https:\/\/headspatammoctam.trueads.ai\/vi\/wp-json\/wp\/v2\/media?parent=4095"}],"curies":[{"name":"wp","href":"https:\/\/api.w.org\/{rel}","templated":true}]}}